{"id":365,"date":"2023-05-12T18:16:23","date_gmt":"2023-05-12T16:16:23","guid":{"rendered":"https:\/\/www.tomaten.at\/?page_id=365"},"modified":"2023-05-25T15:04:49","modified_gmt":"2023-05-25T13:04:49","slug":"kurze-transportwege","status":"publish","type":"page","link":"https:\/\/www.tomaten.at\/?page_id=365","title":{"rendered":"Kurze Transportwege"},"content":{"rendered":"<p>[et_pb_section fb_built=&#8220;1&#8243; _builder_version=&#8220;4.20.2&#8243; _module_preset=&#8220;default&#8220; min_height=&#8220;1017.1px&#8220; custom_padding=&#8220;98px|||||&#8220; top_divider_style=&#8220;wave&#8220; top_divider_color=&#8220;gcid-5799e36e-457e-4a8e-8926-3dd15abfe4c8&#8243; top_divider_height=&#8220;64px&#8220; box_shadow_style=&#8220;preset6&#8243; global_colors_info=&#8220;{%22gcid-5799e36e-457e-4a8e-8926-3dd15abfe4c8%22:%91%22top_divider_color%22,%22top_divider_color%22%93}&#8220;][et_pb_row module_id=&#8220;transport&#8220; _builder_version=&#8220;4.20.2&#8243; _module_preset=&#8220;default&#8220; custom_padding=&#8220;5px||5px||true|false&#8220; locked=&#8220;off&#8220; global_colors_info=&#8220;{}&#8220;][et_pb_column type=&#8220;4_4&#8243; _builder_version=&#8220;4.20.2&#8243; _module_preset=&#8220;default&#8220; global_colors_info=&#8220;{}&#8220;][et_pb_text _builder_version=&#8220;4.20.2&#8243; _module_preset=&#8220;default&#8220; text_text_color=&#8220;gcid-ed1d5c11-845f-4c25-89ea-e249c55f39e5&#8243; text_font_size=&#8220;20px&#8220; header_text_color=&#8220;gcid-5799e36e-457e-4a8e-8926-3dd15abfe4c8&#8243; global_colors_info=&#8220;{%22gcid-5799e36e-457e-4a8e-8926-3dd15abfe4c8%22:%91%22header_text_color%22,%22header_text_color%22%93,%22gcid-ed1d5c11-845f-4c25-89ea-e249c55f39e5%22:%91%22text_text_color%22%93}&#8220;]<\/p>\n<h1>Vom Gew\u00e4chshaus direkt in den Markt<\/h1>\n<p><strong>Kurze Transportwege f\u00fcr ultra-frische Tomaten und ein besseres Klima.<\/strong><\/p>\n<p>[\/et_pb_text][\/et_pb_column][\/et_pb_row][et_pb_row column_structure=&#8220;1_2,1_2&#8243; _builder_version=&#8220;4.20.2&#8243; _module_preset=&#8220;default&#8220; locked=&#8220;off&#8220; global_colors_info=&#8220;{}&#8220;][et_pb_column type=&#8220;1_2&#8243; _builder_version=&#8220;4.20.2&#8243; _module_preset=&#8220;default&#8220; global_colors_info=&#8220;{}&#8220;][et_pb_text module_id=&#8220;transport&#8220; _builder_version=&#8220;4.20.2&#8243; _module_preset=&#8220;default&#8220; text_text_color=&#8220;#000000&#8243; text_font_size=&#8220;15px&#8220; hover_enabled=&#8220;0&#8243; global_colors_info=&#8220;{}&#8220; sticky_enabled=&#8220;0&#8243;]<\/p>\n<p>Wenn man ultrafrische Produkte anbieten m\u00f6chte, ist Zeit ein wichtiger Faktor. Konnten die Tomaten zuerst in aller Ruhe zur perfekten Reife gelangen, sollte es nach der Ernte schnell gehen. Daher sorgen wir f\u00fcr m\u00f6glichst kurze und direkte Transportwege, damit Sie Ihre Zeiler Tomaten immer top frisch genie\u00dfen k\u00f6nnen.<\/p>\n<p>[\/et_pb_text][\/et_pb_column][et_pb_column type=&#8220;1_2&#8243; _builder_version=&#8220;4.20.2&#8243; _module_preset=&#8220;default&#8220; global_colors_info=&#8220;{}&#8220;][et_pb_image src=&#8220;http:\/\/www.tomaten.at\/wp-content\/uploads\/2023\/05\/Zeiler_LKW_II_Web.jpg&#8220; title_text=&#8220;Zeiler_LKW_II_Web&#8220; align=&#8220;center&#8220; force_fullwidth=&#8220;on&#8220; align_tablet=&#8220;center&#8220; align_phone=&#8220;center&#8220; align_last_edited=&#8220;on|desktop&#8220; _builder_version=&#8220;4.20.2&#8243; _module_preset=&#8220;default&#8220; module_alignment=&#8220;right&#8220; animation_style=&#8220;fade&#8220; global_colors_info=&#8220;{}&#8220;][\/et_pb_image][\/et_pb_column][\/et_pb_row][\/et_pb_section]<\/p>\n","protected":false},"excerpt":{"rendered":"<p>Vom Gew\u00e4chshaus direkt in den Markt Kurze Transportwege f\u00fcr ultra-frische Tomaten und ein besseres Klima.Wenn man ultrafrische Produkte anbieten m\u00f6chte, ist Zeit ein wichtiger Faktor. Konnten die Tomaten zuerst in aller Ruhe zur perfekten Reife gelangen, sollte es nach der Ernte schnell gehen. Daher sorgen wir f\u00fcr m\u00f6glichst kurze und direkte Transportwege, damit Sie Ihre [&hellip;]<\/p>\n","protected":false},"author":1,"featured_media":0,"parent":38,"menu_order":0,"comment_status":"closed","ping_status":"closed","template":"","meta":{"_et_pb_use_builder":"on","_et_pb_old_content":"<!-- wp:divi\/placeholder \/-->","_et_gb_content_width":"","footnotes":""},"class_list":["post-365","page","type-page","status-publish","hentry"],"yoast_head":"<!-- This site is optimized with the Yoast SEO plugin v20.7 - https:\/\/yoast.com\/wordpress\/plugins\/seo\/ -->\n<title>Kurze Transportwege - Zeiler - frische Tomaten aus \u00d6sterreich!<\/title>\n<meta name=\"robots\" content=\"index, follow, max-snippet:-1, max-image-preview:large, max-video-preview:-1\" \/>\n<link rel=\"canonical\" href=\"https:\/\/www.tomaten.at\/?page_id=365\" \/>\n<meta property=\"og:locale\" content=\"de_DE\" \/>\n<meta property=\"og:type\" content=\"article\" \/>\n<meta property=\"og:title\" content=\"Kurze Transportwege - Zeiler - frische Tomaten aus \u00d6sterreich!\" \/>\n<meta property=\"og:description\" content=\"Vom Gew\u00e4chshaus direkt in den Markt Kurze Transportwege f\u00fcr ultra-frische Tomaten und ein besseres Klima.Wenn man ultrafrische Produkte anbieten m\u00f6chte, ist Zeit ein wichtiger Faktor. Konnten die Tomaten zuerst in aller Ruhe zur perfekten Reife gelangen, sollte es nach der Ernte schnell gehen. Daher sorgen wir f\u00fcr m\u00f6glichst kurze und direkte Transportwege, damit Sie Ihre [&hellip;]\" \/>\n<meta property=\"og:url\" content=\"https:\/\/www.tomaten.at\/?page_id=365\" \/>\n<meta property=\"og:site_name\" content=\"Zeiler - frische Tomaten aus \u00d6sterreich!\" \/>\n<meta property=\"article:modified_time\" content=\"2023-05-25T13:04:49+00:00\" \/>\n<meta name=\"twitter:card\" content=\"summary_large_image\" \/>\n<script type=\"application\/ld+json\" class=\"yoast-schema-graph\">{\"@context\":\"https:\/\/schema.org\",\"@graph\":[{\"@type\":\"WebPage\",\"@id\":\"https:\/\/www.tomaten.at\/?page_id=365\",\"url\":\"https:\/\/www.tomaten.at\/?page_id=365\",\"name\":\"Kurze Transportwege - Zeiler - frische Tomaten aus \u00d6sterreich!\",\"isPartOf\":{\"@id\":\"https:\/\/www.tomaten.at\/#website\"},\"datePublished\":\"2023-05-12T16:16:23+00:00\",\"dateModified\":\"2023-05-25T13:04:49+00:00\",\"breadcrumb\":{\"@id\":\"https:\/\/www.tomaten.at\/?page_id=365#breadcrumb\"},\"inLanguage\":\"de-AT\",\"potentialAction\":[{\"@type\":\"ReadAction\",\"target\":[\"https:\/\/www.tomaten.at\/?page_id=365\"]}]},{\"@type\":\"BreadcrumbList\",\"@id\":\"https:\/\/www.tomaten.at\/?page_id=365#breadcrumb\",\"itemListElement\":[{\"@type\":\"ListItem\",\"position\":1,\"name\":\"Startseite\",\"item\":\"https:\/\/www.tomaten.at\/\"},{\"@type\":\"ListItem\",\"position\":2,\"name\":\"\u00dcber uns\",\"item\":\"https:\/\/www.tomaten.at\/?page_id=38\"},{\"@type\":\"ListItem\",\"position\":3,\"name\":\"Kurze Transportwege\"}]},{\"@type\":\"WebSite\",\"@id\":\"https:\/\/www.tomaten.at\/#website\",\"url\":\"https:\/\/www.tomaten.at\/\",\"name\":\"Zeiler - frische Tomaten aus \u00d6sterreich!\",\"description\":\"\",\"publisher\":{\"@id\":\"https:\/\/www.tomaten.at\/#organization\"},\"potentialAction\":[{\"@type\":\"SearchAction\",\"target\":{\"@type\":\"EntryPoint\",\"urlTemplate\":\"https:\/\/www.tomaten.at\/?s={search_term_string}\"},\"query-input\":\"required name=search_term_string\"}],\"inLanguage\":\"de-AT\"},{\"@type\":\"Organization\",\"@id\":\"https:\/\/www.tomaten.at\/#organization\",\"name\":\"Zeiler\",\"url\":\"https:\/\/www.tomaten.at\/\",\"logo\":{\"@type\":\"ImageObject\",\"inLanguage\":\"de-AT\",\"@id\":\"https:\/\/www.tomaten.at\/#\/schema\/logo\/image\/\",\"url\":\"http:\/\/www.tomaten.at\/wp-content\/uploads\/2023\/04\/Zeiler_Logo_ohne_Kreis.png\",\"contentUrl\":\"http:\/\/www.tomaten.at\/wp-content\/uploads\/2023\/04\/Zeiler_Logo_ohne_Kreis.png\",\"width\":250,\"height\":389,\"caption\":\"Zeiler\"},\"image\":{\"@id\":\"https:\/\/www.tomaten.at\/#\/schema\/logo\/image\/\"}}]}<\/script>\n<!-- \/ Yoast SEO plugin. -->","yoast_head_json":{"title":"Kurze Transportwege - Zeiler - frische Tomaten aus \u00d6sterreich!","robots":{"index":"index","follow":"follow","max-snippet":"max-snippet:-1","max-image-preview":"max-image-preview:large","max-video-preview":"max-video-preview:-1"},"canonical":"https:\/\/www.tomaten.at\/?page_id=365","og_locale":"de_DE","og_type":"article","og_title":"Kurze Transportwege - Zeiler - frische Tomaten aus \u00d6sterreich!","og_description":"Vom Gew\u00e4chshaus direkt in den Markt Kurze Transportwege f\u00fcr ultra-frische Tomaten und ein besseres Klima.Wenn man ultrafrische Produkte anbieten m\u00f6chte, ist Zeit ein wichtiger Faktor. Konnten die Tomaten zuerst in aller Ruhe zur perfekten Reife gelangen, sollte es nach der Ernte schnell gehen. Daher sorgen wir f\u00fcr m\u00f6glichst kurze und direkte Transportwege, damit Sie Ihre [&hellip;]","og_url":"https:\/\/www.tomaten.at\/?page_id=365","og_site_name":"Zeiler - frische Tomaten aus \u00d6sterreich!","article_modified_time":"2023-05-25T13:04:49+00:00","twitter_card":"summary_large_image","schema":{"@context":"https:\/\/schema.org","@graph":[{"@type":"WebPage","@id":"https:\/\/www.tomaten.at\/?page_id=365","url":"https:\/\/www.tomaten.at\/?page_id=365","name":"Kurze Transportwege - Zeiler - frische Tomaten aus \u00d6sterreich!","isPartOf":{"@id":"https:\/\/www.tomaten.at\/#website"},"datePublished":"2023-05-12T16:16:23+00:00","dateModified":"2023-05-25T13:04:49+00:00","breadcrumb":{"@id":"https:\/\/www.tomaten.at\/?page_id=365#breadcrumb"},"inLanguage":"de-AT","potentialAction":[{"@type":"ReadAction","target":["https:\/\/www.tomaten.at\/?page_id=365"]}]},{"@type":"BreadcrumbList","@id":"https:\/\/www.tomaten.at\/?page_id=365#breadcrumb","itemListElement":[{"@type":"ListItem","position":1,"name":"Startseite","item":"https:\/\/www.tomaten.at\/"},{"@type":"ListItem","position":2,"name":"\u00dcber uns","item":"https:\/\/www.tomaten.at\/?page_id=38"},{"@type":"ListItem","position":3,"name":"Kurze Transportwege"}]},{"@type":"WebSite","@id":"https:\/\/www.tomaten.at\/#website","url":"https:\/\/www.tomaten.at\/","name":"Zeiler - frische Tomaten aus \u00d6sterreich!","description":"","publisher":{"@id":"https:\/\/www.tomaten.at\/#organization"},"potentialAction":[{"@type":"SearchAction","target":{"@type":"EntryPoint","urlTemplate":"https:\/\/www.tomaten.at\/?s={search_term_string}"},"query-input":"required name=search_term_string"}],"inLanguage":"de-AT"},{"@type":"Organization","@id":"https:\/\/www.tomaten.at\/#organization","name":"Zeiler","url":"https:\/\/www.tomaten.at\/","logo":{"@type":"ImageObject","inLanguage":"de-AT","@id":"https:\/\/www.tomaten.at\/#\/schema\/logo\/image\/","url":"http:\/\/www.tomaten.at\/wp-content\/uploads\/2023\/04\/Zeiler_Logo_ohne_Kreis.png","contentUrl":"http:\/\/www.tomaten.at\/wp-content\/uploads\/2023\/04\/Zeiler_Logo_ohne_Kreis.png","width":250,"height":389,"caption":"Zeiler"},"image":{"@id":"https:\/\/www.tomaten.at\/#\/schema\/logo\/image\/"}}]}},"_links":{"self":[{"href":"https:\/\/www.tomaten.at\/index.php?rest_route=\/wp\/v2\/pages\/365","targetHints":{"allow":["GET"]}}],"collection":[{"href":"https:\/\/www.tomaten.at\/index.php?rest_route=\/wp\/v2\/pages"}],"about":[{"href":"https:\/\/www.tomaten.at\/index.php?rest_route=\/wp\/v2\/types\/page"}],"author":[{"embeddable":true,"href":"https:\/\/www.tomaten.at\/index.php?rest_route=\/wp\/v2\/users\/1"}],"replies":[{"embeddable":true,"href":"https:\/\/www.tomaten.at\/index.php?rest_route=%2Fwp%2Fv2%2Fcomments&post=365"}],"version-history":[{"count":9,"href":"https:\/\/www.tomaten.at\/index.php?rest_route=\/wp\/v2\/pages\/365\/revisions"}],"predecessor-version":[{"id":696,"href":"https:\/\/www.tomaten.at\/index.php?rest_route=\/wp\/v2\/pages\/365\/revisions\/696"}],"up":[{"embeddable":true,"href":"https:\/\/www.tomaten.at\/index.php?rest_route=\/wp\/v2\/pages\/38"}],"wp:attachment":[{"href":"https:\/\/www.tomaten.at\/index.php?rest_route=%2Fwp%2Fv2%2Fmedia&parent=365"}],"curies":[{"name":"wp","href":"https:\/\/api.w.org\/{rel}","templated":true}]}}