{"id":355,"date":"2023-05-12T18:14:47","date_gmt":"2023-05-12T16:14:47","guid":{"rendered":"https:\/\/www.tomaten.at\/?page_id=355"},"modified":"2023-05-25T15:00:53","modified_gmt":"2023-05-25T13:00:53","slug":"natuerlicher-pflanzenschutz","status":"publish","type":"page","link":"https:\/\/www.tomaten.at\/?page_id=355","title":{"rendered":"Nat\u00fcrlicher Pflanzenschutz"},"content":{"rendered":"<p>[et_pb_section fb_built=&#8220;1&#8243; _builder_version=&#8220;4.20.2&#8243; _module_preset=&#8220;default&#8220; min_height=&#8220;1005.6px&#8220; custom_padding=&#8220;100px|||||&#8220; top_divider_style=&#8220;wave&#8220; top_divider_color=&#8220;gcid-5799e36e-457e-4a8e-8926-3dd15abfe4c8&#8243; top_divider_height=&#8220;64px&#8220; box_shadow_style=&#8220;preset6&#8243; global_colors_info=&#8220;{%22gcid-5799e36e-457e-4a8e-8926-3dd15abfe4c8%22:%91%22top_divider_color%22,%22top_divider_color%22%93}&#8220;][et_pb_row module_id=&#8220;pflanzenschutz&#8220; _builder_version=&#8220;4.20.2&#8243; _module_preset=&#8220;default&#8220; custom_margin=&#8220;0px|auto||auto|false|false&#8220; custom_padding=&#8220;5px||5px||true|false&#8220; locked=&#8220;off&#8220; global_colors_info=&#8220;{}&#8220;][et_pb_column type=&#8220;4_4&#8243; _builder_version=&#8220;4.20.2&#8243; _module_preset=&#8220;default&#8220; global_colors_info=&#8220;{}&#8220;][et_pb_text _builder_version=&#8220;4.20.2&#8243; _module_preset=&#8220;default&#8220; text_text_color=&#8220;gcid-ed1d5c11-845f-4c25-89ea-e249c55f39e5&#8243; text_font_size=&#8220;20px&#8220; header_text_color=&#8220;gcid-5799e36e-457e-4a8e-8926-3dd15abfe4c8&#8243; custom_padding=&#8220;5px||5px||true|false&#8220; global_colors_info=&#8220;{%22gcid-5799e36e-457e-4a8e-8926-3dd15abfe4c8%22:%91%22header_text_color%22,%22header_text_color%22%93,%22gcid-ed1d5c11-845f-4c25-89ea-e249c55f39e5%22:%91%22text_text_color%22%93}&#8220;]<\/p>\n<h1>Nat\u00fcrlicher Pflanzenschutz<\/h1>\n<p><strong>Kleine Tiere &#8211; gro\u00dfe Wirkung.<\/strong><\/p>\n<p>[\/et_pb_text][\/et_pb_column][\/et_pb_row][et_pb_row _builder_version=&#8220;4.20.2&#8243; _module_preset=&#8220;default&#8220; locked=&#8220;off&#8220; global_colors_info=&#8220;{}&#8220;][et_pb_column type=&#8220;4_4&#8243; _builder_version=&#8220;4.20.2&#8243; _module_preset=&#8220;default&#8220; global_colors_info=&#8220;{}&#8220;][et_pb_text _builder_version=&#8220;4.20.2&#8243; _module_preset=&#8220;default&#8220; text_text_color=&#8220;#000000&#8243; text_font_size=&#8220;15px&#8220; hover_enabled=&#8220;0&#8243; global_colors_info=&#8220;{}&#8220; sticky_enabled=&#8220;0&#8243;]<\/p>\n<p>Je kr\u00e4ftiger die Pflanze ist, desto besser kann sie mit Sch\u00e4dlingen umgehen. Der erste Schritt zu einer pestizidfreien Kultur ist also ein gr\u00fcner Daumen. Abgesehen davon, hat jeder Sch\u00e4dling auch einen nat\u00fcrlichen Feind. Wir bei Zeiler setzen gezielt und kontrolliert N\u00fctzlinge ein und gehen so ganz nat\u00fcrlich gegen tierische\u00a0Sch\u00e4dlinge vor. <\/p>\n<p>[\/et_pb_text][\/et_pb_column][\/et_pb_row][et_pb_row column_structure=&#8220;1_2,1_2&#8243; _builder_version=&#8220;4.20.2&#8243; _module_preset=&#8220;default&#8220; global_colors_info=&#8220;{}&#8220;][et_pb_column type=&#8220;1_2&#8243; _builder_version=&#8220;4.20.2&#8243; _module_preset=&#8220;default&#8220; global_colors_info=&#8220;{}&#8220;][et_pb_image src=&#8220;http:\/\/www.tomaten.at\/wp-content\/uploads\/2023\/03\/L7_1881-scaled.jpg&#8220; title_text=&#8220;_L7_1881&#8243; _builder_version=&#8220;4.20.2&#8243; _module_preset=&#8220;default&#8220; animation_style=&#8220;fade&#8220; locked=&#8220;off&#8220; global_colors_info=&#8220;{}&#8220;][\/et_pb_image][\/et_pb_column][et_pb_column type=&#8220;1_2&#8243; _builder_version=&#8220;4.20.2&#8243; _module_preset=&#8220;default&#8220; global_colors_info=&#8220;{}&#8220;][et_pb_image src=&#8220;http:\/\/www.tomaten.at\/wp-content\/uploads\/2023\/03\/L7_1791-scaled.jpg&#8220; title_text=&#8220;_L7_1791&#8243; _builder_version=&#8220;4.20.2&#8243; _module_preset=&#8220;default&#8220; animation_style=&#8220;fade&#8220; locked=&#8220;off&#8220; global_colors_info=&#8220;{}&#8220;][\/et_pb_image][\/et_pb_column][\/et_pb_row][\/et_pb_section]<\/p>\n","protected":false},"excerpt":{"rendered":"<p>Nat\u00fcrlicher Pflanzenschutz Kleine Tiere &#8211; gro\u00dfe Wirkung.Je kr\u00e4ftiger die Pflanze ist, desto besser kann sie mit Sch\u00e4dlingen umgehen. Der erste Schritt zu einer pestizidfreien Kultur ist also ein gr\u00fcner Daumen. Abgesehen davon, hat jeder Sch\u00e4dling auch einen nat\u00fcrlichen Feind. Wir bei Zeiler setzen gezielt und kontrolliert N\u00fctzlinge ein und gehen so ganz nat\u00fcrlich gegen tierische\u00a0Sch\u00e4dlinge [&hellip;]<\/p>\n","protected":false},"author":1,"featured_media":0,"parent":38,"menu_order":0,"comment_status":"closed","ping_status":"closed","template":"","meta":{"_et_pb_use_builder":"on","_et_pb_old_content":"<!-- wp:divi\/placeholder \/-->","_et_gb_content_width":"","footnotes":""},"class_list":["post-355","page","type-page","status-publish","hentry"],"yoast_head":"<!-- This site is optimized with the Yoast SEO plugin v20.7 - https:\/\/yoast.com\/wordpress\/plugins\/seo\/ -->\n<title>Nat\u00fcrlicher Pflanzenschutz - Zeiler - frische Tomaten aus \u00d6sterreich!<\/title>\n<meta name=\"robots\" content=\"index, follow, max-snippet:-1, max-image-preview:large, max-video-preview:-1\" \/>\n<link rel=\"canonical\" href=\"https:\/\/www.tomaten.at\/?page_id=355\" \/>\n<meta property=\"og:locale\" content=\"de_DE\" \/>\n<meta property=\"og:type\" content=\"article\" \/>\n<meta property=\"og:title\" content=\"Nat\u00fcrlicher Pflanzenschutz - Zeiler - frische Tomaten aus \u00d6sterreich!\" \/>\n<meta property=\"og:description\" content=\"Nat\u00fcrlicher Pflanzenschutz Kleine Tiere - gro\u00dfe Wirkung.Je kr\u00e4ftiger die Pflanze ist, desto besser kann sie mit Sch\u00e4dlingen umgehen. Der erste Schritt zu einer pestizidfreien Kultur ist also ein gr\u00fcner Daumen. Abgesehen davon, hat jeder Sch\u00e4dling auch einen nat\u00fcrlichen Feind. Wir bei Zeiler setzen gezielt und kontrolliert N\u00fctzlinge ein und gehen so ganz nat\u00fcrlich gegen tierische\u00a0Sch\u00e4dlinge [&hellip;]\" \/>\n<meta property=\"og:url\" content=\"https:\/\/www.tomaten.at\/?page_id=355\" \/>\n<meta property=\"og:site_name\" content=\"Zeiler - frische Tomaten aus \u00d6sterreich!\" \/>\n<meta property=\"article:modified_time\" content=\"2023-05-25T13:00:53+00:00\" \/>\n<meta name=\"twitter:card\" content=\"summary_large_image\" \/>\n<script type=\"application\/ld+json\" class=\"yoast-schema-graph\">{\"@context\":\"https:\/\/schema.org\",\"@graph\":[{\"@type\":\"WebPage\",\"@id\":\"https:\/\/www.tomaten.at\/?page_id=355\",\"url\":\"https:\/\/www.tomaten.at\/?page_id=355\",\"name\":\"Nat\u00fcrlicher Pflanzenschutz - Zeiler - frische Tomaten aus \u00d6sterreich!\",\"isPartOf\":{\"@id\":\"https:\/\/www.tomaten.at\/#website\"},\"datePublished\":\"2023-05-12T16:14:47+00:00\",\"dateModified\":\"2023-05-25T13:00:53+00:00\",\"breadcrumb\":{\"@id\":\"https:\/\/www.tomaten.at\/?page_id=355#breadcrumb\"},\"inLanguage\":\"de-AT\",\"potentialAction\":[{\"@type\":\"ReadAction\",\"target\":[\"https:\/\/www.tomaten.at\/?page_id=355\"]}]},{\"@type\":\"BreadcrumbList\",\"@id\":\"https:\/\/www.tomaten.at\/?page_id=355#breadcrumb\",\"itemListElement\":[{\"@type\":\"ListItem\",\"position\":1,\"name\":\"Startseite\",\"item\":\"https:\/\/www.tomaten.at\/\"},{\"@type\":\"ListItem\",\"position\":2,\"name\":\"\u00dcber uns\",\"item\":\"https:\/\/www.tomaten.at\/?page_id=38\"},{\"@type\":\"ListItem\",\"position\":3,\"name\":\"Nat\u00fcrlicher Pflanzenschutz\"}]},{\"@type\":\"WebSite\",\"@id\":\"https:\/\/www.tomaten.at\/#website\",\"url\":\"https:\/\/www.tomaten.at\/\",\"name\":\"Zeiler - frische Tomaten aus \u00d6sterreich!\",\"description\":\"\",\"publisher\":{\"@id\":\"https:\/\/www.tomaten.at\/#organization\"},\"potentialAction\":[{\"@type\":\"SearchAction\",\"target\":{\"@type\":\"EntryPoint\",\"urlTemplate\":\"https:\/\/www.tomaten.at\/?s={search_term_string}\"},\"query-input\":\"required name=search_term_string\"}],\"inLanguage\":\"de-AT\"},{\"@type\":\"Organization\",\"@id\":\"https:\/\/www.tomaten.at\/#organization\",\"name\":\"Zeiler\",\"url\":\"https:\/\/www.tomaten.at\/\",\"logo\":{\"@type\":\"ImageObject\",\"inLanguage\":\"de-AT\",\"@id\":\"https:\/\/www.tomaten.at\/#\/schema\/logo\/image\/\",\"url\":\"http:\/\/www.tomaten.at\/wp-content\/uploads\/2023\/04\/Zeiler_Logo_ohne_Kreis.png\",\"contentUrl\":\"http:\/\/www.tomaten.at\/wp-content\/uploads\/2023\/04\/Zeiler_Logo_ohne_Kreis.png\",\"width\":250,\"height\":389,\"caption\":\"Zeiler\"},\"image\":{\"@id\":\"https:\/\/www.tomaten.at\/#\/schema\/logo\/image\/\"}}]}<\/script>\n<!-- \/ Yoast SEO plugin. -->","yoast_head_json":{"title":"Nat\u00fcrlicher Pflanzenschutz - Zeiler - frische Tomaten aus \u00d6sterreich!","robots":{"index":"index","follow":"follow","max-snippet":"max-snippet:-1","max-image-preview":"max-image-preview:large","max-video-preview":"max-video-preview:-1"},"canonical":"https:\/\/www.tomaten.at\/?page_id=355","og_locale":"de_DE","og_type":"article","og_title":"Nat\u00fcrlicher Pflanzenschutz - Zeiler - frische Tomaten aus \u00d6sterreich!","og_description":"Nat\u00fcrlicher Pflanzenschutz Kleine Tiere - gro\u00dfe Wirkung.Je kr\u00e4ftiger die Pflanze ist, desto besser kann sie mit Sch\u00e4dlingen umgehen. Der erste Schritt zu einer pestizidfreien Kultur ist also ein gr\u00fcner Daumen. Abgesehen davon, hat jeder Sch\u00e4dling auch einen nat\u00fcrlichen Feind. Wir bei Zeiler setzen gezielt und kontrolliert N\u00fctzlinge ein und gehen so ganz nat\u00fcrlich gegen tierische\u00a0Sch\u00e4dlinge [&hellip;]","og_url":"https:\/\/www.tomaten.at\/?page_id=355","og_site_name":"Zeiler - frische Tomaten aus \u00d6sterreich!","article_modified_time":"2023-05-25T13:00:53+00:00","twitter_card":"summary_large_image","schema":{"@context":"https:\/\/schema.org","@graph":[{"@type":"WebPage","@id":"https:\/\/www.tomaten.at\/?page_id=355","url":"https:\/\/www.tomaten.at\/?page_id=355","name":"Nat\u00fcrlicher Pflanzenschutz - Zeiler - frische Tomaten aus \u00d6sterreich!","isPartOf":{"@id":"https:\/\/www.tomaten.at\/#website"},"datePublished":"2023-05-12T16:14:47+00:00","dateModified":"2023-05-25T13:00:53+00:00","breadcrumb":{"@id":"https:\/\/www.tomaten.at\/?page_id=355#breadcrumb"},"inLanguage":"de-AT","potentialAction":[{"@type":"ReadAction","target":["https:\/\/www.tomaten.at\/?page_id=355"]}]},{"@type":"BreadcrumbList","@id":"https:\/\/www.tomaten.at\/?page_id=355#breadcrumb","itemListElement":[{"@type":"ListItem","position":1,"name":"Startseite","item":"https:\/\/www.tomaten.at\/"},{"@type":"ListItem","position":2,"name":"\u00dcber uns","item":"https:\/\/www.tomaten.at\/?page_id=38"},{"@type":"ListItem","position":3,"name":"Nat\u00fcrlicher Pflanzenschutz"}]},{"@type":"WebSite","@id":"https:\/\/www.tomaten.at\/#website","url":"https:\/\/www.tomaten.at\/","name":"Zeiler - frische Tomaten aus \u00d6sterreich!","description":"","publisher":{"@id":"https:\/\/www.tomaten.at\/#organization"},"potentialAction":[{"@type":"SearchAction","target":{"@type":"EntryPoint","urlTemplate":"https:\/\/www.tomaten.at\/?s={search_term_string}"},"query-input":"required name=search_term_string"}],"inLanguage":"de-AT"},{"@type":"Organization","@id":"https:\/\/www.tomaten.at\/#organization","name":"Zeiler","url":"https:\/\/www.tomaten.at\/","logo":{"@type":"ImageObject","inLanguage":"de-AT","@id":"https:\/\/www.tomaten.at\/#\/schema\/logo\/image\/","url":"http:\/\/www.tomaten.at\/wp-content\/uploads\/2023\/04\/Zeiler_Logo_ohne_Kreis.png","contentUrl":"http:\/\/www.tomaten.at\/wp-content\/uploads\/2023\/04\/Zeiler_Logo_ohne_Kreis.png","width":250,"height":389,"caption":"Zeiler"},"image":{"@id":"https:\/\/www.tomaten.at\/#\/schema\/logo\/image\/"}}]}},"_links":{"self":[{"href":"https:\/\/www.tomaten.at\/index.php?rest_route=\/wp\/v2\/pages\/355","targetHints":{"allow":["GET"]}}],"collection":[{"href":"https:\/\/www.tomaten.at\/index.php?rest_route=\/wp\/v2\/pages"}],"about":[{"href":"https:\/\/www.tomaten.at\/index.php?rest_route=\/wp\/v2\/types\/page"}],"author":[{"embeddable":true,"href":"https:\/\/www.tomaten.at\/index.php?rest_route=\/wp\/v2\/users\/1"}],"replies":[{"embeddable":true,"href":"https:\/\/www.tomaten.at\/index.php?rest_route=%2Fwp%2Fv2%2Fcomments&post=355"}],"version-history":[{"count":7,"href":"https:\/\/www.tomaten.at\/index.php?rest_route=\/wp\/v2\/pages\/355\/revisions"}],"predecessor-version":[{"id":691,"href":"https:\/\/www.tomaten.at\/index.php?rest_route=\/wp\/v2\/pages\/355\/revisions\/691"}],"up":[{"embeddable":true,"href":"https:\/\/www.tomaten.at\/index.php?rest_route=\/wp\/v2\/pages\/38"}],"wp:attachment":[{"href":"https:\/\/www.tomaten.at\/index.php?rest_route=%2Fwp%2Fv2%2Fmedia&parent=355"}],"curies":[{"name":"wp","href":"https:\/\/api.w.org\/{rel}","templated":true}]}}